{"id":9,"date":"2026-04-14T21:30:58","date_gmt":"2026-04-14T21:30:58","guid":{"rendered":"https:\/\/myseopartner.eu\/?page_id=9"},"modified":"2026-04-16T17:16:23","modified_gmt":"2026-04-16T17:16:23","slug":"__trashed","status":"publish","type":"page","link":"https:\/\/myseopartner.eu\/","title":{"rendered":"Start"},"content":{"rendered":"\n<p class=\"has-text-align-center\">SEO \u2022 content \u2022 strony \u2022 strategia<\/p>\n\n\n\n<h2 class=\"wp-block-heading has-text-align-center has-theme-palette-9-color has-text-color has-background has-link-color wp-elements-7fc11e7578f8c11c57840b0b35122f91\" style=\"background-color:#22092e\">Strony www, kt\u00f3re pracuj\u0105 na Twoje wyniki<\/h2>\n\n\n\n<p class=\"has-theme-palette-9-color has-text-color has-background has-link-color wp-elements-84501703522750d1e9892b434945a511\" style=\"background-color:#9155a3\">Buduj\u0119 miejsce, w kt\u00f3rym poka\u017c\u0119 Ci, jak \u0142\u0105cz\u0119 SEO, tre\u015bci i strategi\u0119, \u017ceby Twoja strona internetowa nie tylko dobrze wygl\u0105da\u0142a, ale przede wszystkim sprzedawa\u0142a.<\/p>\n\n\n\n<div class=\"wp-block-buttons is-content-justification-center is-layout-flex wp-container-core-buttons-is-layout-16018d1d wp-block-buttons-is-layout-flex\">\n<div class=\"wp-block-button is-style-fill\"><a class=\"wp-block-button__link has-text-align-right wp-element-button\" href=\"mailto:beata@myseopartner.eu\"><strong>Napisz do mnie<\/strong><\/a><\/div>\n\n\n\n<div class=\"wp-block-button is-style-fill\"><a class=\"wp-block-button__link wp-element-button\" href=\"tel:+48609533418\"><strong>A mo\u017ce wolisz porozmawia\u0107?<\/strong><\/a><\/div>\n<\/div>\n\n\n\n<p><\/p>\n","protected":false},"excerpt":{"rendered":"<p>SEO \u2022 content \u2022 strony \u2022 strategia Strony www, kt\u00f3re pracuj\u0105 na Twoje wyniki Buduj\u0119 miejsce, w kt\u00f3rym poka\u017c\u0119 Ci, jak \u0142\u0105cz\u0119 SEO, tre\u015bci i strategi\u0119, \u017ceby Twoja strona internetowa nie tylko dobrze wygl\u0105da\u0142a, ale przede wszystkim sprzedawa\u0142a.<\/p>\n","protected":false},"author":1,"featured_media":0,"parent":0,"menu_order":0,"comment_status":"closed","ping_status":"closed","template":"","meta":{"_kad_post_transparent":"disable","_kad_post_title":"hide","_kad_post_layout":"fullwidth","_kad_post_sidebar_id":"","_kad_post_content_style":"","_kad_post_vertical_padding":"hide","_kad_post_feature":"","_kad_post_feature_position":"","_kad_post_header":false,"_kad_post_footer":false,"_kad_post_classname":"","footnotes":""},"class_list":["post-9","page","type-page","status-publish","hentry"],"_links":{"self":[{"href":"https:\/\/myseopartner.eu\/index.php?rest_route=\/wp\/v2\/pages\/9","targetHints":{"allow":["GET"]}}],"collection":[{"href":"https:\/\/myseopartner.eu\/index.php?rest_route=\/wp\/v2\/pages"}],"about":[{"href":"https:\/\/myseopartner.eu\/index.php?rest_route=\/wp\/v2\/types\/page"}],"author":[{"embeddable":true,"href":"https:\/\/myseopartner.eu\/index.php?rest_route=\/wp\/v2\/users\/1"}],"replies":[{"embeddable":true,"href":"https:\/\/myseopartner.eu\/index.php?rest_route=%2Fwp%2Fv2%2Fcomments&post=9"}],"version-history":[{"count":7,"href":"https:\/\/myseopartner.eu\/index.php?rest_route=\/wp\/v2\/pages\/9\/revisions"}],"predecessor-version":[{"id":21,"href":"https:\/\/myseopartner.eu\/index.php?rest_route=\/wp\/v2\/pages\/9\/revisions\/21"}],"wp:attachment":[{"href":"https:\/\/myseopartner.eu\/index.php?rest_route=%2Fwp%2Fv2%2Fmedia&parent=9"}],"curies":[{"name":"wp","href":"https:\/\/api.w.org\/{rel}","templated":true}]}}